{"id":25,"date":"2026-01-12T06:52:24","date_gmt":"2026-01-12T06:52:24","guid":{"rendered":"https:\/\/elastiqre.com\/?page_id=25"},"modified":"2026-03-24T09:19:25","modified_gmt":"2026-03-24T09:19:25","slug":"anasayfa","status":"publish","type":"page","link":"https:\/\/elastiqre.com\/","title":{"rendered":"Anasayfa"},"content":{"rendered":"\t\t<div data-elementor-type=\"wp-page\" data-elementor-id=\"25\" class=\"elementor elementor-25\" data-elementor-post-type=\"page\">\n\t\t\t\t<div class=\"elementor-element elementor-element-b16a55a e-con-full e-flex e-con e-parent\" data-id=\"b16a55a\" data-element_type=\"container\">\n\t\t\t\t<div class=\"elementor-element elementor-element-3b59f9b elementor--h-position-center elementor--v-position-middle elementor-arrows-position-inside elementor-pagination-position-inside elementor-widget elementor-widget-slides\" data-id=\"3b59f9b\" data-element_type=\"widget\" data-settings=\"{&quot;autoplay_speed&quot;:3000,&quot;navigation&quot;:&quot;both&quot;,&quot;autoplay&quot;:&quot;yes&quot;,&quot;pause_on_interaction&quot;:&quot;yes&quot;,&quot;infinite&quot;:&quot;yes&quot;,&quot;transition&quot;:&quot;slide&quot;,&quot;transition_speed&quot;:500}\" data-widget_type=\"slides.default\">\n\t\t\t\t\t\t\t\t\t\t<div class=\"elementor-slides-wrapper elementor-main-swiper swiper\" role=\"region\" aria-roledescription=\"carousel\" aria-label=\"Slides\" dir=\"ltr\" data-animation=\"fadeInUp\">\n\t\t\t\t<div class=\"swiper-wrapper elementor-slides\">\n\t\t\t\t\t\t\t\t\t\t<div class=\"elementor-repeater-item-25c1e35 swiper-slide\" role=\"group\" aria-roledescription=\"slide\"><div class=\"swiper-slide-bg\" role=\"img\" aria-label=\"slaytttt\"><\/div><div class=\"swiper-slide-inner\" ><div class=\"swiper-slide-contents\"><\/div><\/div><\/div><div class=\"elementor-repeater-item-012aeb6 swiper-slide\" role=\"group\" aria-roledescription=\"slide\"><div class=\"swiper-slide-bg\" role=\"img\" aria-label=\"ElastiQre (1300 x 650 mm)\"><\/div><div class=\"swiper-slide-inner\" ><div class=\"swiper-slide-contents\"><\/div><\/div><\/div>\t\t\t\t<\/div>\n\t\t\t\t\t\t\t\t\t\t\t\t\t\t\t<div class=\"elementor-swiper-button elementor-swiper-button-prev\" role=\"button\" tabindex=\"0\" aria-label=\"Previous slide\">\n\t\t\t\t\t\t\t<svg aria-hidden=\"true\" class=\"e-font-icon-svg e-eicon-chevron-left\" viewBox=\"0 0 1000 1000\" xmlns=\"http:\/\/www.w3.org\/2000\/svg\"><path d=\"M646 125C629 125 613 133 604 142L308 442C296 454 292 471 292 487 292 504 296 521 308 533L604 854C617 867 629 875 646 875 663 875 679 871 692 858 704 846 713 829 713 812 713 796 708 779 692 767L438 487 692 225C700 217 708 204 708 187 708 171 704 154 692 142 675 129 663 125 646 125Z\"><\/path><\/svg>\t\t\t\t\t\t<\/div>\n\t\t\t\t\t\t<div class=\"elementor-swiper-button elementor-swiper-button-next\" role=\"button\" tabindex=\"0\" aria-label=\"Next slide\">\n\t\t\t\t\t\t\t<svg aria-hidden=\"true\" class=\"e-font-icon-svg e-eicon-chevron-right\" viewBox=\"0 0 1000 1000\" xmlns=\"http:\/\/www.w3.org\/2000\/svg\"><path d=\"M696 533C708 521 713 504 713 487 713 471 708 454 696 446L400 146C388 133 375 125 354 125 338 125 325 129 313 142 300 154 292 171 292 187 292 204 296 221 308 233L563 492 304 771C292 783 288 800 288 817 288 833 296 850 308 863 321 871 338 875 354 875 371 875 388 867 400 854L696 533Z\"><\/path><\/svg>\t\t\t\t\t\t<\/div>\n\t\t\t\t\t\t\t\t\t\t\t\t\t\t\t\t<div class=\"swiper-pagination\"><\/div>\n\t\t\t\t\t\t\t\t\t\t\t\t<\/div>\n\t\t\t\t\t\t\t\t<\/div>\n\t\t\t\t<\/div>\n\t\t<div class=\"elementor-element elementor-element-29d588b e-flex e-con-boxed e-con e-parent\" data-id=\"29d588b\" data-element_type=\"container\">\n\t\t\t\t\t<div class=\"e-con-inner\">\n\t\t\t\t<div class=\"elementor-element elementor-element-6317f60 elementor-widget elementor-widget-image\" data-id=\"6317f60\" data-element_type=\"widget\" data-widget_type=\"image.default\">\n\t\t\t\t\t\t\t\t\t\t\t\t\t\t\t<img fetchpriority=\"high\" decoding=\"async\" width=\"500\" height=\"119\" src=\"https:\/\/elastiqre.com\/wp-content\/uploads\/2026\/01\/Asset-1.jpg\" class=\"attachment-large size-large wp-image-52\" alt=\"\" srcset=\"https:\/\/elastiqre.com\/wp-content\/uploads\/2026\/01\/Asset-1.jpg 500w, https:\/\/elastiqre.com\/wp-content\/uploads\/2026\/01\/Asset-1-300x71.jpg 300w\" sizes=\"(max-width: 500px) 100vw, 500px\" \/>\t\t\t\t\t\t\t\t\t\t\t\t\t\t\t<\/div>\n\t\t\t\t<div class=\"elementor-element elementor-element-c8f97c7 elementor-widget elementor-widget-text-editor\" data-id=\"c8f97c7\" data-element_type=\"widget\" data-widget_type=\"text-editor.default\">\n\t\t\t\t\t\t\t\t\t<p>ElastiQre \u00c7atlak \u00d6nlemeye Yard\u0131mc\u0131 Jel, cildin elastikiyetini desteklemeye ve \u00e7atlak g\u00f6r\u00fcn\u00fcm\u00fcn\u00fcn olu\u015fmas\u0131n\u0131 \u00f6nlemeye yard\u0131mc\u0131 olmak amac\u0131yla geli\u015ftirilmi\u015f, y\u00fcksek oranda do\u011fal k\u00f6kenli bir form\u00fcle sahiptir. \u0130\u00e7eri\u011finde bulunan Aloe Barbadensis Leaf Juice, Centella Asiatica (CICA), at kuyru\u011fu, aslan pen\u00e7esi, duvar sarma\u015f\u0131\u011f\u0131 ve so\u011fan ekstreleri sayesinde cildin nem dengesinin korunmas\u0131na ve cilt bariyerinin g\u00fc\u00e7lendirilmesine katk\u0131 sa\u011flar. %99,89 do\u011fal k\u00f6kenli ve %30,14 organik k\u00f6kenli i\u00e7eri\u011fiyle g\u00fcnl\u00fck v\u00fccut bak\u0131m\u0131na uygun olan ElastiQre, hafif jel formu sayesinde cilt taraf\u0131ndan kolayca emilir ve d\u00fczenli kullan\u0131mda cildin daha p\u00fcr\u00fczs\u00fcz ve esnek bir g\u00f6r\u00fcn\u00fcm kazanmas\u0131na destek olur.<\/p>\t\t\t\t\t\t\t\t<\/div>\n\t\t\t\t\t<\/div>\n\t\t\t\t<\/div>\n\t\t<div class=\"elementor-element elementor-element-f576db2 e-con-full e-flex e-con e-parent\" data-id=\"f576db2\" data-element_type=\"container\">\n\t\t\t\t<div class=\"elementor-element elementor-element-b0f58ee elementor-widget elementor-widget-spacer\" data-id=\"b0f58ee\" data-element_type=\"widget\" data-widget_type=\"spacer.default\">\n\t\t\t\t\t\t\t<div class=\"elementor-spacer\">\n\t\t\t<div class=\"elementor-spacer-inner\"><\/div>\n\t\t<\/div>\n\t\t\t\t\t\t<\/div>\n\t\t\t\t<\/div>\n\t\t<div class=\"elementor-element elementor-element-c791460 e-flex e-con-boxed e-con e-parent\" data-id=\"c791460\" data-element_type=\"container\">\n\t\t\t\t\t<div class=\"e-con-inner\">\n\t\t<div class=\"elementor-element elementor-element-3318863 e-con-full e-flex e-con e-child\" data-id=\"3318863\" data-element_type=\"container\">\n\t\t\t\t<div class=\"elementor-element elementor-element-5c8d86a elementor-widget elementor-widget-image\" data-id=\"5c8d86a\" data-element_type=\"widget\" data-widget_type=\"image.default\">\n\t\t\t\t\t\t\t\t\t\t\t\t\t\t\t<img decoding=\"async\" width=\"468\" height=\"533\" src=\"https:\/\/elastiqre.com\/wp-content\/uploads\/2026\/03\/seffaf.png\" class=\"attachment-large size-large wp-image-194\" alt=\"\" srcset=\"https:\/\/elastiqre.com\/wp-content\/uploads\/2026\/03\/seffaf.png 468w, https:\/\/elastiqre.com\/wp-content\/uploads\/2026\/03\/seffaf-263x300.png 263w\" sizes=\"(max-width: 468px) 100vw, 468px\" \/>\t\t\t\t\t\t\t\t\t\t\t\t\t\t\t<\/div>\n\t\t\t\t<\/div>\n\t\t<div class=\"elementor-element elementor-element-bd3996a e-con-full e-flex e-con e-child\" data-id=\"bd3996a\" data-element_type=\"container\">\n\t\t\t\t<div class=\"elementor-element elementor-element-d2adf47 elementor-widget elementor-widget-heading\" data-id=\"d2adf47\" data-element_type=\"widget\" data-widget_type=\"heading.default\">\n\t\t\t\t\t<h4 class=\"elementor-heading-title elementor-size-default\">ElastiQre ile Cildinizin Esnekli\u011fini Destekleyin<\/h4>\t\t\t\t<\/div>\n\t\t\t\t<div class=\"elementor-element elementor-element-30817b9 elementor-widget elementor-widget-text-editor\" data-id=\"30817b9\" data-element_type=\"widget\" data-widget_type=\"text-editor.default\">\n\t\t\t\t\t\t\t\t\t<p>ElastiQre \u00c7atlak \u00d6nlemeye Yard\u0131mc\u0131 Jel, cildin elastikiyetini desteklemeye ve \u00e7atlak g\u00f6r\u00fcn\u00fcm\u00fcn\u00fcn olu\u015fmas\u0131n\u0131 \u00f6nlemeye yard\u0131mc\u0131 olmak \u00fczere \u00f6zel olarak form\u00fcle edilmi\u015ftir. \u0130\u00e7eri\u011finde yer alan at kuyru\u011fu, aslan pen\u00e7esi, duvar sarma\u015f\u0131\u011f\u0131, so\u011fan ve Centella Asiatica (CICA) ekstreleri sayesinde cildin nem dengesinin korunmas\u0131na katk\u0131 sa\u011flar ve cilt bariyerini g\u00fc\u00e7lendirmeye yard\u0131mc\u0131 olur. Y\u00fcksek oranda do\u011fal ve organik k\u00f6kenli i\u00e7eri\u011fiyle cilde nazik bir bak\u0131m sunar, d\u00fczenli kullan\u0131mda cildin daha p\u00fcr\u00fczs\u00fcz ve esnek bir g\u00f6r\u00fcn\u00fcm kazanmas\u0131na destek olur. G\u00fcnl\u00fck bak\u0131m rutininize kolayca dahil edilebilen hafif jel formu sayesinde h\u0131zl\u0131 emilir ve ya\u011fl\u0131 his b\u0131rakmaz.<\/p>\t\t\t\t\t\t\t\t<\/div>\n\t\t\t\t<\/div>\n\t\t\t\t\t<\/div>\n\t\t\t\t<\/div>\n\t\t<div class=\"elementor-element elementor-element-49cc2b4 e-flex e-con-boxed e-con e-parent\" data-id=\"49cc2b4\" data-element_type=\"container\" data-settings=\"{&quot;background_background&quot;:&quot;classic&quot;}\">\n\t\t\t\t\t<div class=\"e-con-inner\">\n\t\t<div class=\"elementor-element elementor-element-3a4b862 e-con-full e-flex e-con e-child\" data-id=\"3a4b862\" data-element_type=\"container\">\n\t\t\t\t<div class=\"elementor-element elementor-element-cd7375b elementor-view-default elementor-position-block-start elementor-mobile-position-block-start elementor-widget elementor-widget-icon-box\" data-id=\"cd7375b\" data-element_type=\"widget\" data-widget_type=\"icon-box.default\">\n\t\t\t\t\t\t\t<div class=\"elementor-icon-box-wrapper\">\n\n\t\t\t\t\t\t<div class=\"elementor-icon-box-icon\">\n\t\t\t\t<span  class=\"elementor-icon\">\n\t\t\t\t<svg aria-hidden=\"true\" class=\"e-font-icon-svg e-fab-pied-piper-square\" viewBox=\"0 0 448 512\" xmlns=\"http:\/\/www.w3.org\/2000\/svg\"><path d=\"M32 419L0 479.2l.8-328C.8 85.3 54 32 120 32h327.2c-93 28.9-189.9 94.2-253.9 168.6C122.7 282 82.6 338 32 419M448 32S305.2 98.8 261.6 199.1c-23.2 53.6-28.9 118.1-71 158.6-28.9 27.8-69.8 38.2-105.3 56.3-23.2 12-66.4 40.5-84.9 66h328.4c66 0 119.3-53.3 119.3-119.2-.1 0-.1-328.8-.1-328.8z\"><\/path><\/svg>\t\t\t\t<\/span>\n\t\t\t<\/div>\n\t\t\t\n\t\t\t\t\t\t<div class=\"elementor-icon-box-content\">\n\n\t\t\t\t\t\t\t\t\t<h5 class=\"elementor-icon-box-title\">\n\t\t\t\t\t\t<span  >\n\t\t\t\t\t\t\tCilt Elastikiyetini Destekler\t\t\t\t\t\t<\/span>\n\t\t\t\t\t<\/h5>\n\t\t\t\t\n\t\t\t\t\t\t\t\t\t<p class=\"elementor-icon-box-description\">\n\t\t\t\t\t\tElastiQre, bitkisel ekstrelerle zenginle\u015ftirilmi\u015f form\u00fcl\u00fc sayesinde cildin elastikiyetini desteklemeye yard\u0131mc\u0131 olur. D\u00fczenli kullan\u0131mda cildin daha esnek ve p\u00fcr\u00fczs\u00fcz bir g\u00f6r\u00fcn\u00fcm kazanmas\u0131na katk\u0131 sa\u011flar.\t\t\t\t\t<\/p>\n\t\t\t\t\n\t\t\t<\/div>\n\t\t\t\n\t\t<\/div>\n\t\t\t\t\t\t<\/div>\n\t\t\t\t<\/div>\n\t\t<div class=\"elementor-element elementor-element-963cc9b e-con-full e-flex e-con e-child\" data-id=\"963cc9b\" data-element_type=\"container\" data-settings=\"{&quot;background_background&quot;:&quot;classic&quot;}\">\n\t\t\t\t<div class=\"elementor-element elementor-element-fa04f99 elementor-view-default elementor-position-block-start elementor-mobile-position-block-start elementor-widget elementor-widget-icon-box\" data-id=\"fa04f99\" data-element_type=\"widget\" data-widget_type=\"icon-box.default\">\n\t\t\t\t\t\t\t<div class=\"elementor-icon-box-wrapper\">\n\n\t\t\t\t\t\t<div class=\"elementor-icon-box-icon\">\n\t\t\t\t<span  class=\"elementor-icon\">\n\t\t\t\t<svg aria-hidden=\"true\" class=\"e-font-icon-svg e-fas-cloud-rain\" viewBox=\"0 0 512 512\" xmlns=\"http:\/\/www.w3.org\/2000\/svg\"><path d=\"M416 128c-.6 0-1.1.2-1.6.2 1.1-5.2 1.6-10.6 1.6-16.2 0-44.2-35.8-80-80-80-24.6 0-46.3 11.3-61 28.8C256.4 24.8 219.3 0 176 0 114.1 0 64 50.1 64 112c0 7.3.8 14.3 2.1 21.2C27.8 145.8 0 181.5 0 224c0 53 43 96 96 96h320c53 0 96-43 96-96s-43-96-96-96zM88 374.2c-12.8 44.4-40 56.4-40 87.7 0 27.7 21.5 50.1 48 50.1s48-22.4 48-50.1c0-31.4-27.2-43.1-40-87.7-2.2-8.1-13.5-8.5-16 0zm160 0c-12.8 44.4-40 56.4-40 87.7 0 27.7 21.5 50.1 48 50.1s48-22.4 48-50.1c0-31.4-27.2-43.1-40-87.7-2.2-8.1-13.5-8.5-16 0zm160 0c-12.8 44.4-40 56.4-40 87.7 0 27.7 21.5 50.1 48 50.1s48-22.4 48-50.1c0-31.4-27.2-43.1-40-87.7-2.2-8.1-13.5-8.5-16 0z\"><\/path><\/svg>\t\t\t\t<\/span>\n\t\t\t<\/div>\n\t\t\t\n\t\t\t\t\t\t<div class=\"elementor-icon-box-content\">\n\n\t\t\t\t\t\t\t\t\t<h5 class=\"elementor-icon-box-title\">\n\t\t\t\t\t\t<span  >\n\t\t\t\t\t\t\tYo\u011fun Nemlendirme ve Bak\u0131m\t\t\t\t\t\t<\/span>\n\t\t\t\t\t<\/h5>\n\t\t\t\t\n\t\t\t\t\t\t\t\t\t<p class=\"elementor-icon-box-description\">\n\t\t\t\t\t\tAloe vera, gliserin ve do\u011fal nemlendirici bile\u015fenler sayesinde cildin nem dengesinin korunmas\u0131na yard\u0131mc\u0131 olur. Cildin kuruluk kaynakl\u0131 gerginlik hissini azaltmaya destek olur.\t\t\t\t\t<\/p>\n\t\t\t\t\n\t\t\t<\/div>\n\t\t\t\n\t\t<\/div>\n\t\t\t\t\t\t<\/div>\n\t\t\t\t<\/div>\n\t\t<div class=\"elementor-element elementor-element-6282502 e-con-full e-flex e-con e-child\" data-id=\"6282502\" data-element_type=\"container\">\n\t\t\t\t<div class=\"elementor-element elementor-element-bdb34f7 elementor-view-default elementor-position-block-start elementor-mobile-position-block-start elementor-widget elementor-widget-icon-box\" data-id=\"bdb34f7\" data-element_type=\"widget\" data-widget_type=\"icon-box.default\">\n\t\t\t\t\t\t\t<div class=\"elementor-icon-box-wrapper\">\n\n\t\t\t\t\t\t<div class=\"elementor-icon-box-icon\">\n\t\t\t\t<span  class=\"elementor-icon\">\n\t\t\t\t<svg aria-hidden=\"true\" class=\"e-font-icon-svg e-fab-pagelines\" viewBox=\"0 0 384 512\" xmlns=\"http:\/\/www.w3.org\/2000\/svg\"><path d=\"M384 312.7c-55.1 136.7-187.1 54-187.1 54-40.5 81.8-107.4 134.4-184.6 134.7-16.1 0-16.6-24.4 0-24.4 64.4-.3 120.5-42.7 157.2-110.1-41.1 15.9-118.6 27.9-161.6-82.2 109-44.9 159.1 11.2 178.3 45.5 9.9-24.4 17-50.9 21.6-79.7 0 0-139.7 21.9-149.5-98.1 119.1-47.9 152.6 76.7 152.6 76.7 1.6-16.7 3.3-52.6 3.3-53.4 0 0-106.3-73.7-38.1-165.2 124.6 43 61.4 162.4 61.4 162.4.5 1.6.5 23.8 0 33.4 0 0 45.2-89 136.4-57.5-4.2 134-141.9 106.4-141.9 106.4-4.4 27.4-11.2 53.4-20 77.5 0 0 83-91.8 172-20z\"><\/path><\/svg>\t\t\t\t<\/span>\n\t\t\t<\/div>\n\t\t\t\n\t\t\t\t\t\t<div class=\"elementor-icon-box-content\">\n\n\t\t\t\t\t\t\t\t\t<h5 class=\"elementor-icon-box-title\">\n\t\t\t\t\t\t<span  >\n\t\t\t\t\t\t\tBitkisel ve Do\u011fal \u0130\u00e7erik Deste\u011fi\t\t\t\t\t\t<\/span>\n\t\t\t\t\t<\/h5>\n\t\t\t\t\n\t\t\t\t\t\t\t\t\t<p class=\"elementor-icon-box-description\">\n\t\t\t\t\t\tAt kuyru\u011fu, aslan pen\u00e7esi, duvar sarma\u015f\u0131\u011f\u0131, so\u011fan ve Centella Asiatica (CICA) ekstreleri i\u00e7eren \u00f6zel form\u00fcl\u00fcyle cilde nazik bir bak\u0131m sunar. Y\u00fcksek oranda do\u011fal ve organik k\u00f6kenli i\u00e7eriklere sahiptir.\t\t\t\t\t<\/p>\n\t\t\t\t\n\t\t\t<\/div>\n\t\t\t\n\t\t<\/div>\n\t\t\t\t\t\t<\/div>\n\t\t\t\t<\/div>\n\t\t<div class=\"elementor-element elementor-element-4ec73d0 e-con-full e-flex e-con e-child\" data-id=\"4ec73d0\" data-element_type=\"container\" data-settings=\"{&quot;background_background&quot;:&quot;classic&quot;}\">\n\t\t\t\t<div class=\"elementor-element elementor-element-ff4adc7 elementor-view-default elementor-position-block-start elementor-mobile-position-block-start elementor-widget elementor-widget-icon-box\" data-id=\"ff4adc7\" data-element_type=\"widget\" data-widget_type=\"icon-box.default\">\n\t\t\t\t\t\t\t<div class=\"elementor-icon-box-wrapper\">\n\n\t\t\t\t\t\t<div class=\"elementor-icon-box-icon\">\n\t\t\t\t<span  class=\"elementor-icon\">\n\t\t\t\t<svg aria-hidden=\"true\" class=\"e-font-icon-svg e-fas-cloud\" viewBox=\"0 0 640 512\" xmlns=\"http:\/\/www.w3.org\/2000\/svg\"><path d=\"M537.6 226.6c4.1-10.7 6.4-22.4 6.4-34.6 0-53-43-96-96-96-19.7 0-38.1 6-53.3 16.2C367 64.2 315.3 32 256 32c-88.4 0-160 71.6-160 160 0 2.7.1 5.4.2 8.1C40.2 219.8 0 273.2 0 336c0 79.5 64.5 144 144 144h368c70.7 0 128-57.3 128-128 0-61.9-44-113.6-102.4-125.4z\"><\/path><\/svg>\t\t\t\t<\/span>\n\t\t\t<\/div>\n\t\t\t\n\t\t\t\t\t\t<div class=\"elementor-icon-box-content\">\n\n\t\t\t\t\t\t\t\t\t<h5 class=\"elementor-icon-box-title\">\n\t\t\t\t\t\t<span  >\n\t\t\t\t\t\t\tHafif Jel Form\u00fcl, H\u0131zl\u0131 Emilim\t\t\t\t\t\t<\/span>\n\t\t\t\t\t<\/h5>\n\t\t\t\t\n\t\t\t\t\t\t\t\t\t<p class=\"elementor-icon-box-description\">\n\t\t\t\t\t\tYa\u011fl\u0131 his b\u0131rakmayan jel yap\u0131s\u0131 sayesinde cilt taraf\u0131ndan kolayca emilir. G\u00fcnl\u00fck kullan\u0131ma uygundur ve bak\u0131m rutininize pratik bir \u015fekilde dahil edilebilir.\t\t\t\t\t<\/p>\n\t\t\t\t\n\t\t\t<\/div>\n\t\t\t\n\t\t<\/div>\n\t\t\t\t\t\t<\/div>\n\t\t\t\t<\/div>\n\t\t\t\t\t<\/div>\n\t\t\t\t<\/div>\n\t\t<div class=\"elementor-element elementor-element-9e29a8c e-flex e-con-boxed e-con e-parent\" data-id=\"9e29a8c\" data-element_type=\"container\">\n\t\t\t\t\t<div class=\"e-con-inner\">\n\t\t<div class=\"elementor-element elementor-element-5a85672 e-con-full e-flex e-con e-child\" data-id=\"5a85672\" data-element_type=\"container\">\n\t\t\t\t<div class=\"elementor-element elementor-element-7b2d56c elementor-widget elementor-widget-image\" data-id=\"7b2d56c\" data-element_type=\"widget\" data-widget_type=\"image.default\">\n\t\t\t\t\t\t\t\t\t\t\t\t\t\t\t<img decoding=\"async\" width=\"800\" height=\"462\" src=\"https:\/\/elastiqre.com\/wp-content\/uploads\/2026\/01\/karin.jpg\" class=\"attachment-large size-large wp-image-122\" alt=\"\" srcset=\"https:\/\/elastiqre.com\/wp-content\/uploads\/2026\/01\/karin.jpg 850w, https:\/\/elastiqre.com\/wp-content\/uploads\/2026\/01\/karin-300x173.jpg 300w, https:\/\/elastiqre.com\/wp-content\/uploads\/2026\/01\/karin-768x444.jpg 768w\" sizes=\"(max-width: 800px) 100vw, 800px\" \/>\t\t\t\t\t\t\t\t\t\t\t\t\t\t\t<\/div>\n\t\t\t\t<\/div>\n\t\t<div class=\"elementor-element elementor-element-450dba9 e-con-full e-flex e-con e-child\" data-id=\"450dba9\" data-element_type=\"container\">\n\t\t\t\t<div class=\"elementor-element elementor-element-0e62577 elementor-widget elementor-widget-heading\" data-id=\"0e62577\" data-element_type=\"widget\" data-widget_type=\"heading.default\">\n\t\t\t\t\t<h2 class=\"elementor-heading-title elementor-size-default\">Kimler \u0130\u00e7in Uygundur? <\/h2>\t\t\t\t<\/div>\n\t\t\t\t<div class=\"elementor-element elementor-element-8aff66f elementor-widget elementor-widget-text-editor\" data-id=\"8aff66f\" data-element_type=\"widget\" data-widget_type=\"text-editor.default\">\n\t\t\t\t\t\t\t\t\t<ul><li data-start=\"580\" data-end=\"631\"><p data-start=\"582\" data-end=\"631\">Hamilelik s\u00fcrecinde cilt bak\u0131m\u0131 yapmak isteyenler<\/p><\/li><li data-start=\"632\" data-end=\"667\"><p data-start=\"634\" data-end=\"667\">Kilo al\u0131p\u2013verme d\u00f6neminde olanlar<\/p><\/li><li data-start=\"668\" data-end=\"708\"><p data-start=\"670\" data-end=\"708\">Cilt elastikiyetini korumak isteyenler<\/p><\/li><li data-start=\"709\" data-end=\"750\"><p data-start=\"711\" data-end=\"750\">D\u00fczenli v\u00fccut bak\u0131m rutini olu\u015fturanlar<\/p><\/li><\/ul>\t\t\t\t\t\t\t\t<\/div>\n\t\t\t\t<\/div>\n\t\t\t\t\t<\/div>\n\t\t\t\t<\/div>\n\t\t<div class=\"elementor-element elementor-element-790e82d e-flex e-con-boxed e-con e-parent\" data-id=\"790e82d\" data-element_type=\"container\">\n\t\t\t\t\t<div class=\"e-con-inner\">\n\t\t<div class=\"elementor-element elementor-element-280ce64 e-con-full e-flex e-con e-child\" data-id=\"280ce64\" data-element_type=\"container\">\n\t\t\t\t<div class=\"elementor-element elementor-element-61a2d96 elementor-widget elementor-widget-heading\" data-id=\"61a2d96\" data-element_type=\"widget\" data-widget_type=\"heading.default\">\n\t\t\t\t\t<h2 class=\"elementor-heading-title elementor-size-default\">Nas\u0131l Kullan\u0131l\u0131r?<\/h2>\t\t\t\t<\/div>\n\t\t\t\t<div class=\"elementor-element elementor-element-1ce0d44 elementor-widget elementor-widget-text-editor\" data-id=\"1ce0d44\" data-element_type=\"widget\" data-widget_type=\"text-editor.default\">\n\t\t\t\t\t\t\t\t\t<ul><li data-start=\"846\" data-end=\"889\"><p data-start=\"849\" data-end=\"889\">Temiz cilde yeterli miktarda uygulay\u0131n<\/p><\/li><li data-start=\"890\" data-end=\"936\"><p data-start=\"893\" data-end=\"936\">Masaj yaparak tamamen emilmesini sa\u011flay\u0131n<\/p><\/li><li data-start=\"937\" data-end=\"977\"><p data-start=\"940\" data-end=\"977\">G\u00fcnde 2 kez d\u00fczenli olarak kullan\u0131n<\/p><\/li><\/ul>\t\t\t\t\t\t\t\t<\/div>\n\t\t\t\t<\/div>\n\t\t<div class=\"elementor-element elementor-element-2988bff e-con-full e-flex e-con e-child\" data-id=\"2988bff\" data-element_type=\"container\">\n\t\t\t\t<div class=\"elementor-element elementor-element-6f7dd39 elementor-widget elementor-widget-image\" data-id=\"6f7dd39\" data-element_type=\"widget\" data-widget_type=\"image.default\">\n\t\t\t\t\t\t\t\t\t\t\t\t\t\t\t<img loading=\"lazy\" decoding=\"async\" width=\"800\" height=\"450\" src=\"https:\/\/elastiqre.com\/wp-content\/uploads\/2026\/01\/karin2.webp\" class=\"attachment-large size-large wp-image-123\" alt=\"\" srcset=\"https:\/\/elastiqre.com\/wp-content\/uploads\/2026\/01\/karin2.webp 830w, https:\/\/elastiqre.com\/wp-content\/uploads\/2026\/01\/karin2-300x169.webp 300w, https:\/\/elastiqre.com\/wp-content\/uploads\/2026\/01\/karin2-768x432.webp 768w\" sizes=\"(max-width: 800px) 100vw, 800px\" \/>\t\t\t\t\t\t\t\t\t\t\t\t\t\t\t<\/div>\n\t\t\t\t<\/div>\n\t\t\t\t\t<\/div>\n\t\t\t\t<\/div>\n\t\t\t\t<\/div>\n\t\t","protected":false},"excerpt":{"rendered":"<p>ElastiQre \u00c7atlak \u00d6nlemeye Yard\u0131mc\u0131 Jel, cildin elastikiyetini desteklemeye ve \u00e7atlak g\u00f6r\u00fcn\u00fcm\u00fcn\u00fcn olu\u015fmas\u0131n\u0131 \u00f6nlemeye yard\u0131mc\u0131 olmak amac\u0131yla geli\u015ftirilmi\u015f, y\u00fcksek oranda do\u011fal k\u00f6kenli bir form\u00fcle sahiptir. \u0130\u00e7eri\u011finde bulunan Aloe Barbadensis Leaf Juice, Centella Asiatica (CICA), at kuyru\u011fu, aslan pen\u00e7esi, duvar sarma\u015f\u0131\u011f\u0131 ve so\u011fan ekstreleri sayesinde cildin nem dengesinin korunmas\u0131na ve cilt bariyerinin g\u00fc\u00e7lendirilmesine katk\u0131 sa\u011flar. %99,89 do\u011fal [&hellip;]<\/p>\n","protected":false},"author":1,"featured_media":0,"parent":0,"menu_order":0,"comment_status":"closed","ping_status":"closed","template":"","meta":{"footnotes":""},"class_list":["post-25","page","type-page","status-publish","hentry"],"_links":{"self":[{"href":"https:\/\/elastiqre.com\/index.php\/wp-json\/wp\/v2\/pages\/25","targetHints":{"allow":["GET"]}}],"collection":[{"href":"https:\/\/elastiqre.com\/index.php\/wp-json\/wp\/v2\/pages"}],"about":[{"href":"https:\/\/elastiqre.com\/index.php\/wp-json\/wp\/v2\/types\/page"}],"author":[{"embeddable":true,"href":"https:\/\/elastiqre.com\/index.php\/wp-json\/wp\/v2\/users\/1"}],"replies":[{"embeddable":true,"href":"https:\/\/elastiqre.com\/index.php\/wp-json\/wp\/v2\/comments?post=25"}],"version-history":[{"count":82,"href":"https:\/\/elastiqre.com\/index.php\/wp-json\/wp\/v2\/pages\/25\/revisions"}],"predecessor-version":[{"id":205,"href":"https:\/\/elastiqre.com\/index.php\/wp-json\/wp\/v2\/pages\/25\/revisions\/205"}],"wp:attachment":[{"href":"https:\/\/elastiqre.com\/index.php\/wp-json\/wp\/v2\/media?parent=25"}],"curies":[{"name":"wp","href":"https:\/\/api.w.org\/{rel}","templated":true}]}}