{"id":42,"date":"2026-01-19T06:43:18","date_gmt":"2026-01-19T06:43:18","guid":{"rendered":"https:\/\/elastiqre.com\/?page_id=42"},"modified":"2026-03-24T09:35:09","modified_gmt":"2026-03-24T09:35:09","slug":"kurumsal","status":"publish","type":"page","link":"https:\/\/elastiqre.com\/index.php\/kurumsal\/","title":{"rendered":"Kurumsal"},"content":{"rendered":"\t\t<div data-elementor-type=\"wp-page\" data-elementor-id=\"42\" class=\"elementor elementor-42\" data-elementor-post-type=\"page\">\n\t\t\t\t<div class=\"elementor-element elementor-element-ebc4346 e-flex e-con-boxed e-con e-parent\" data-id=\"ebc4346\" data-element_type=\"container\">\n\t\t\t\t\t<div class=\"e-con-inner\">\n\t\t<div class=\"elementor-element elementor-element-488bb8d e-con-full e-flex e-con e-child\" data-id=\"488bb8d\" data-element_type=\"container\">\n\t\t\t\t<div class=\"elementor-element elementor-element-f7902da elementor-widget elementor-widget-image\" data-id=\"f7902da\" data-element_type=\"widget\" data-widget_type=\"image.default\">\n\t\t\t\t\t\t\t\t\t\t\t\t\t\t\t<img fetchpriority=\"high\" decoding=\"async\" width=\"1920\" height=\"1080\" src=\"https:\/\/elastiqre.com\/wp-content\/uploads\/2026\/03\/222222222.jpg\" class=\"attachment-full size-full wp-image-210\" alt=\"\" srcset=\"https:\/\/elastiqre.com\/wp-content\/uploads\/2026\/03\/222222222.jpg 1920w, https:\/\/elastiqre.com\/wp-content\/uploads\/2026\/03\/222222222-300x169.jpg 300w, https:\/\/elastiqre.com\/wp-content\/uploads\/2026\/03\/222222222-1024x576.jpg 1024w, https:\/\/elastiqre.com\/wp-content\/uploads\/2026\/03\/222222222-768x432.jpg 768w, https:\/\/elastiqre.com\/wp-content\/uploads\/2026\/03\/222222222-1536x864.jpg 1536w\" sizes=\"(max-width: 1920px) 100vw, 1920px\" \/>\t\t\t\t\t\t\t\t\t\t\t\t\t\t\t<\/div>\n\t\t\t\t<\/div>\n\t\t<div class=\"elementor-element elementor-element-b4d7bca e-con-full e-flex e-con e-child\" data-id=\"b4d7bca\" data-element_type=\"container\">\n\t\t\t\t<div class=\"elementor-element elementor-element-cbd1b36 elementor-widget elementor-widget-text-editor\" data-id=\"cbd1b36\" data-element_type=\"widget\" data-widget_type=\"text-editor.default\">\n\t\t\t\t\t\t\t\t\t<p>Folium \u0130la\u00e7 Kozmetik Medikal Tic. San. Ltd. \u015eti., kalite, g\u00fcven ve s\u00fcrd\u00fcr\u00fclebilirlik ilkelerini esas alarak kozmetik ve dermokozmetik alan\u0131nda faaliyet g\u00f6steren bir kurulu\u015ftur. Do\u011fal ve bitkisel i\u00e7eriklere odaklanan \u00fcr\u00fcn geli\u015ftirme anlay\u0131\u015f\u0131m\u0131z do\u011frultusunda, kullan\u0131c\u0131lar\u0131n g\u00fcnl\u00fck bak\u0131m ihtiya\u00e7lar\u0131na uygun, g\u00fcvenilir ve mevzuata uygun \u00e7\u00f6z\u00fcmler sunmay\u0131 hedeflemekteyiz. \u00dcr\u00fcnlerimiz, y\u00fcksek kalite standartlar\u0131 g\u00f6zetilerek titizlikle form\u00fcle edilmekte; \u015feffaf i\u00e7erik yakla\u015f\u0131m\u0131, bilimsel bak\u0131\u015f a\u00e7\u0131s\u0131 ve kullan\u0131c\u0131 memnuniyeti odakl\u0131 hizmet anlay\u0131\u015f\u0131yla sekt\u00f6rde s\u00fcrd\u00fcr\u00fclebilir bir de\u011fer olu\u015fturmay\u0131 ama\u00e7lamaktad\u0131r.<\/p>\t\t\t\t\t\t\t\t<\/div>\n\t\t\t\t<\/div>\n\t\t\t\t\t<\/div>\n\t\t\t\t<\/div>\n\t\t<div class=\"elementor-element elementor-element-7be20f1 e-flex e-con-boxed e-con e-parent\" data-id=\"7be20f1\" data-element_type=\"container\">\n\t\t\t\t\t<div class=\"e-con-inner\">\n\t\t<div class=\"elementor-element elementor-element-2313302 e-con-full e-flex e-con e-child\" data-id=\"2313302\" data-element_type=\"container\">\n\t\t\t\t<div class=\"elementor-element elementor-element-fc52a60 elementor-widget elementor-widget-text-editor\" data-id=\"fc52a60\" data-element_type=\"widget\" data-widget_type=\"text-editor.default\">\n\t\t\t\t\t\t\t\t\t<h3 data-start=\"160\" data-end=\"178\"><strong data-start=\"164\" data-end=\"178\">Vizyonumuz<\/strong><\/h3><p data-start=\"179\" data-end=\"398\">Do\u011fal ve g\u00fcvenilir i\u00e7eriklerle geli\u015ftirilen kozmetik \u00fcr\u00fcnlerimizle, kullan\u0131c\u0131lar\u0131n ya\u015fam kalitesine katk\u0131 sa\u011flayan; kalite, \u015feffafl\u0131k ve s\u00fcrd\u00fcr\u00fclebilirlik ilkeleriyle sekt\u00f6rde g\u00fcvenilir ve tercih edilen bir marka olmak.<\/p>\t\t\t\t\t\t\t\t<\/div>\n\t\t\t\t<\/div>\n\t\t<div class=\"elementor-element elementor-element-805ec05 e-con-full e-flex e-con e-child\" data-id=\"805ec05\" data-element_type=\"container\" data-settings=\"{&quot;background_background&quot;:&quot;classic&quot;}\">\n\t\t\t\t<div class=\"elementor-element elementor-element-09bdd51 elementor-widget elementor-widget-text-editor\" data-id=\"09bdd51\" data-element_type=\"widget\" data-widget_type=\"text-editor.default\">\n\t\t\t\t\t\t\t\t\t<h3 data-start=\"405\" data-end=\"423\"><strong data-start=\"409\" data-end=\"423\">Misyonumuz<\/strong><\/h3><p data-start=\"424\" data-end=\"745\">Kozmetik mevzuat\u0131na uygun, y\u00fcksek kalite standartlar\u0131nda ve do\u011fal k\u00f6kenli i\u00e7eriklere odaklanan \u00fcr\u00fcnler geli\u015ftirerek; kullan\u0131c\u0131lar\u0131n cilt bak\u0131m ihtiya\u00e7lar\u0131na g\u00fcvenli, etkili ve eri\u015filebilir \u00e7\u00f6z\u00fcmler sunmak. \u00dcr\u00fcn geli\u015ftirme s\u00fcre\u00e7lerimizin her a\u015famas\u0131nda bilimsel yakla\u015f\u0131m\u0131, etik \u00fcretimi ve m\u00fc\u015fteri memnuniyetini esas almak.<\/p>\t\t\t\t\t\t\t\t<\/div>\n\t\t\t\t<\/div>\n\t\t\t\t\t<\/div>\n\t\t\t\t<\/div>\n\t\t\t\t<\/div>\n\t\t","protected":false},"excerpt":{"rendered":"<p>Folium \u0130la\u00e7 Kozmetik Medikal Tic. San. Ltd. \u015eti., kalite, g\u00fcven ve s\u00fcrd\u00fcr\u00fclebilirlik ilkelerini esas alarak kozmetik ve dermokozmetik alan\u0131nda faaliyet g\u00f6steren bir kurulu\u015ftur. Do\u011fal ve bitkisel i\u00e7eriklere odaklanan \u00fcr\u00fcn geli\u015ftirme anlay\u0131\u015f\u0131m\u0131z do\u011frultusunda, kullan\u0131c\u0131lar\u0131n g\u00fcnl\u00fck bak\u0131m ihtiya\u00e7lar\u0131na uygun, g\u00fcvenilir ve mevzuata uygun \u00e7\u00f6z\u00fcmler sunmay\u0131 hedeflemekteyiz. \u00dcr\u00fcnlerimiz, y\u00fcksek kalite standartlar\u0131 g\u00f6zetilerek titizlikle form\u00fcle edilmekte; \u015feffaf i\u00e7erik yakla\u015f\u0131m\u0131, [&hellip;]<\/p>\n","protected":false},"author":1,"featured_media":0,"parent":0,"menu_order":0,"comment_status":"closed","ping_status":"closed","template":"","meta":{"footnotes":""},"class_list":["post-42","page","type-page","status-publish","hentry"],"_links":{"self":[{"href":"https:\/\/elastiqre.com\/index.php\/wp-json\/wp\/v2\/pages\/42","targetHints":{"allow":["GET"]}}],"collection":[{"href":"https:\/\/elastiqre.com\/index.php\/wp-json\/wp\/v2\/pages"}],"about":[{"href":"https:\/\/elastiqre.com\/index.php\/wp-json\/wp\/v2\/types\/page"}],"author":[{"embeddable":true,"href":"https:\/\/elastiqre.com\/index.php\/wp-json\/wp\/v2\/users\/1"}],"replies":[{"embeddable":true,"href":"https:\/\/elastiqre.com\/index.php\/wp-json\/wp\/v2\/comments?post=42"}],"version-history":[{"count":28,"href":"https:\/\/elastiqre.com\/index.php\/wp-json\/wp\/v2\/pages\/42\/revisions"}],"predecessor-version":[{"id":213,"href":"https:\/\/elastiqre.com\/index.php\/wp-json\/wp\/v2\/pages\/42\/revisions\/213"}],"wp:attachment":[{"href":"https:\/\/elastiqre.com\/index.php\/wp-json\/wp\/v2\/media?parent=42"}],"curies":[{"name":"wp","href":"https:\/\/api.w.org\/{rel}","templated":true}]}}