{"id":46,"date":"2026-01-19T06:43:47","date_gmt":"2026-01-19T06:43:47","guid":{"rendered":"https:\/\/elastiqre.com\/?page_id=46"},"modified":"2026-01-26T10:52:02","modified_gmt":"2026-01-26T10:52:02","slug":"elastiqre","status":"publish","type":"page","link":"https:\/\/elastiqre.com\/index.php\/elastiqre\/","title":{"rendered":"Elastiqre"},"content":{"rendered":"\t\t<div data-elementor-type=\"wp-page\" data-elementor-id=\"46\" class=\"elementor elementor-46\" data-elementor-post-type=\"page\">\n\t\t\t\t\t\t<section class=\"elementor-section elementor-top-section elementor-element elementor-element-14831925 elementor-section-full_width elementor-section-content-middle elementor-section-height-default elementor-section-height-default\" data-id=\"14831925\" data-element_type=\"section\" data-settings=\"{&quot;background_background&quot;:&quot;classic&quot;}\">\n\t\t\t\t\t\t<div class=\"elementor-container elementor-column-gap-default\">\n\t\t\t\t\t<div class=\"elementor-column elementor-col-100 elementor-top-column elementor-element elementor-element-763c08f9\" data-id=\"763c08f9\" data-element_type=\"column\">\n\t\t\t<div class=\"elementor-widget-wrap elementor-element-populated\">\n\t\t\t\t\t\t<div class=\"elementor-element elementor-element-4696d838 elementor-widget elementor-widget-heading\" data-id=\"4696d838\" data-element_type=\"widget\" data-widget_type=\"heading.default\">\n\t\t\t\t\t<h1 class=\"elementor-heading-title elementor-size-default\">ElastiQre \u00c7atlak \u00d6nlemeye Yard\u0131mc\u0131 Jel<\/h1>\t\t\t\t<\/div>\n\t\t\t\t<div class=\"elementor-element elementor-element-6e17f037 elementor-widget elementor-widget-text-editor\" data-id=\"6e17f037\" data-element_type=\"widget\" data-widget_type=\"text-editor.default\">\n\t\t\t\t\t\t\t\t\tCildin elastikiyetini desteklemeye ve \u00e7atlak g\u00f6r\u00fcn\u00fcm\u00fcn\u00fcn olu\u015fmas\u0131n\u0131 \u00f6nlemeye yard\u0131mc\u0131 \u00f6zel form\u00fcl\t\t\t\t\t\t\t\t<\/div>\n\t\t\t\t\t<\/div>\n\t\t<\/div>\n\t\t\t\t<div class=\"elementor-column elementor-col-100 elementor-top-column elementor-element elementor-element-2deb3ab0\" data-id=\"2deb3ab0\" data-element_type=\"column\">\n\t\t\t<div class=\"elementor-widget-wrap elementor-element-populated\">\n\t\t\t\t\t\t<div class=\"elementor-element elementor-element-6d68764 elementor-widget elementor-widget-image\" data-id=\"6d68764\" data-element_type=\"widget\" data-widget_type=\"image.default\">\n\t\t\t\t\t\t\t\t\t\t\t\t\t\t\t<img fetchpriority=\"high\" decoding=\"async\" width=\"800\" height=\"400\" src=\"https:\/\/elastiqre.com\/wp-content\/uploads\/2026\/01\/slider2-1024x512.jpg\" class=\"attachment-large size-large wp-image-77\" alt=\"\" srcset=\"https:\/\/elastiqre.com\/wp-content\/uploads\/2026\/01\/slider2-1024x512.jpg 1024w, https:\/\/elastiqre.com\/wp-content\/uploads\/2026\/01\/slider2-300x150.jpg 300w, https:\/\/elastiqre.com\/wp-content\/uploads\/2026\/01\/slider2-768x384.jpg 768w, https:\/\/elastiqre.com\/wp-content\/uploads\/2026\/01\/slider2-1536x768.jpg 1536w, https:\/\/elastiqre.com\/wp-content\/uploads\/2026\/01\/slider2-2048x1024.jpg 2048w\" sizes=\"(max-width: 800px) 100vw, 800px\" \/>\t\t\t\t\t\t\t\t\t\t\t\t\t\t\t<\/div>\n\t\t\t\t\t<\/div>\n\t\t<\/div>\n\t\t\t\t\t<\/div>\n\t\t<\/section>\n\t\t\t\t<section class=\"elementor-section elementor-top-section elementor-element elementor-element-3cb092f0 elementor-section-full_width elementor-section-height-default elementor-section-height-default\" data-id=\"3cb092f0\" data-element_type=\"section\">\n\t\t\t\t\t\t<div class=\"elementor-container elementor-column-gap-default\">\n\t\t\t\t\t<div class=\"elementor-column elementor-col-100 elementor-top-column elementor-element elementor-element-5e375181\" data-id=\"5e375181\" data-element_type=\"column\">\n\t\t\t<div class=\"elementor-widget-wrap elementor-element-populated\">\n\t\t\t\t\t\t<div class=\"elementor-element elementor-element-f5fb851 elementor-widget elementor-widget-image\" data-id=\"f5fb851\" data-element_type=\"widget\" data-widget_type=\"image.default\">\n\t\t\t\t\t\t\t\t\t\t\t\t\t\t\t<img decoding=\"async\" width=\"800\" height=\"400\" src=\"https:\/\/elastiqre.com\/wp-content\/uploads\/2026\/01\/slider3-1024x512.jpg\" class=\"attachment-large size-large wp-image-81\" alt=\"\" srcset=\"https:\/\/elastiqre.com\/wp-content\/uploads\/2026\/01\/slider3-1024x512.jpg 1024w, https:\/\/elastiqre.com\/wp-content\/uploads\/2026\/01\/slider3-300x150.jpg 300w, https:\/\/elastiqre.com\/wp-content\/uploads\/2026\/01\/slider3-768x384.jpg 768w, https:\/\/elastiqre.com\/wp-content\/uploads\/2026\/01\/slider3-1536x768.jpg 1536w, https:\/\/elastiqre.com\/wp-content\/uploads\/2026\/01\/slider3-2048x1024.jpg 2048w\" sizes=\"(max-width: 800px) 100vw, 800px\" \/>\t\t\t\t\t\t\t\t\t\t\t\t\t\t\t<\/div>\n\t\t\t\t\t<\/div>\n\t\t<\/div>\n\t\t\t\t<div class=\"elementor-column elementor-col-100 elementor-top-column elementor-element elementor-element-793a7f3a\" data-id=\"793a7f3a\" data-element_type=\"column\">\n\t\t\t<div class=\"elementor-widget-wrap elementor-element-populated\">\n\t\t\t\t\t\t<div class=\"elementor-element elementor-element-5e53b7a4 elementor-widget elementor-widget-heading\" data-id=\"5e53b7a4\" data-element_type=\"widget\" data-widget_type=\"heading.default\">\n\t\t\t\t\t<h2 class=\"elementor-heading-title elementor-size-default\">Do\u011fal ve Etkili Cilt Bak\u0131m\u0131<\/h2>\t\t\t\t<\/div>\n\t\t\t\t<div class=\"elementor-element elementor-element-29286fe9 elementor-widget elementor-widget-text-editor\" data-id=\"29286fe9\" data-element_type=\"widget\" data-widget_type=\"text-editor.default\">\n\t\t\t\t\t\t\t\t\t<p>Bitkisel ekstrelerle zenginle\u015ftirilmi\u015f form\u00fcl\u00fc sayesinde cilt bak\u0131m\u0131n\u0131 destekler.<\/p>\t\t\t\t\t\t\t\t<\/div>\n\t\t\t\t\t<\/div>\n\t\t<\/div>\n\t\t\t\t\t<\/div>\n\t\t<\/section>\n\t\t\t\t<section class=\"elementor-section elementor-top-section elementor-element elementor-element-d29a93b elementor-section-boxed elementor-section-height-default elementor-section-height-default\" data-id=\"d29a93b\" data-element_type=\"section\" data-settings=\"{&quot;background_background&quot;:&quot;classic&quot;}\">\n\t\t\t\t\t\t<div class=\"elementor-container elementor-column-gap-extended\">\n\t\t\t\t\t<div class=\"elementor-column elementor-col-100 elementor-top-column elementor-element elementor-element-3a22f9c4\" data-id=\"3a22f9c4\" data-element_type=\"column\">\n\t\t\t<div class=\"elementor-widget-wrap elementor-element-populated\">\n\t\t\t\t\t\t<div class=\"elementor-element elementor-element-30bf7059 elementor-widget elementor-widget-heading\" data-id=\"30bf7059\" data-element_type=\"widget\" data-widget_type=\"heading.default\">\n\t\t\t\t\t<h2 class=\"elementor-heading-title elementor-size-default\">Cildiniz \u0130\u00e7in G\u00fcvenilir Bir Bak\u0131m<\/h2>\t\t\t\t<\/div>\n\t\t\t\t<div class=\"elementor-element elementor-element-38a4a0d elementor-widget elementor-widget-text-editor\" data-id=\"38a4a0d\" data-element_type=\"widget\" data-widget_type=\"text-editor.default\">\n\t\t\t\t\t\t\t\t\t<p>ElastiQre \u00c7atlak \u00d6nlemeye Yard\u0131mc\u0131 Jel, cildin elastikiyetini desteklemeye ve \u00e7atlak g\u00f6r\u00fcn\u00fcm\u00fcn\u00fcn olu\u015fmas\u0131n\u0131 \u00f6nlemeye yard\u0131mc\u0131 olmak amac\u0131yla geli\u015ftirilmi\u015f, y\u00fcksek oranda do\u011fal k\u00f6kenli bir form\u00fcle sahiptir. \u0130\u00e7eri\u011finde bulunan Aloe Barbadensis Leaf Juice, Centella Asiatica (CICA), at kuyru\u011fu, aslan pen\u00e7esi, duvar sarma\u015f\u0131\u011f\u0131 ve so\u011fan ekstreleri sayesinde cildin nem dengesinin korunmas\u0131na ve cilt bariyerinin g\u00fc\u00e7lendirilmesine katk\u0131 sa\u011flar. %99,89 do\u011fal k\u00f6kenli ve %30,14 organik k\u00f6kenli i\u00e7eri\u011fiyle g\u00fcnl\u00fck v\u00fccut bak\u0131m\u0131na uygun olan ElastiQre, hafif jel formu sayesinde cilt taraf\u0131ndan kolayca emilir ve d\u00fczenli kullan\u0131mda cildin daha p\u00fcr\u00fczs\u00fcz ve esnek bir g\u00f6r\u00fcn\u00fcm kazanmas\u0131na destek olur.<\/p>\t\t\t\t\t\t\t\t<\/div>\n\t\t\t\t\t<\/div>\n\t\t<\/div>\n\t\t\t\t\t<\/div>\n\t\t<\/section>\n\t\t\t\t<\/div>\n\t\t","protected":false},"excerpt":{"rendered":"<p>ElastiQre \u00c7atlak \u00d6nlemeye Yard\u0131mc\u0131 Jel Cildin elastikiyetini desteklemeye ve \u00e7atlak g\u00f6r\u00fcn\u00fcm\u00fcn\u00fcn olu\u015fmas\u0131n\u0131 \u00f6nlemeye yard\u0131mc\u0131 \u00f6zel form\u00fcl Do\u011fal ve Etkili Cilt Bak\u0131m\u0131 Bitkisel ekstrelerle zenginle\u015ftirilmi\u015f form\u00fcl\u00fc sayesinde cilt bak\u0131m\u0131n\u0131 destekler. Cildiniz \u0130\u00e7in G\u00fcvenilir Bir Bak\u0131m ElastiQre \u00c7atlak \u00d6nlemeye Yard\u0131mc\u0131 Jel, cildin elastikiyetini desteklemeye ve \u00e7atlak g\u00f6r\u00fcn\u00fcm\u00fcn\u00fcn olu\u015fmas\u0131n\u0131 \u00f6nlemeye yard\u0131mc\u0131 olmak amac\u0131yla geli\u015ftirilmi\u015f, y\u00fcksek oranda do\u011fal k\u00f6kenli [&hellip;]<\/p>\n","protected":false},"author":1,"featured_media":0,"parent":0,"menu_order":0,"comment_status":"closed","ping_status":"closed","template":"","meta":{"footnotes":""},"class_list":["post-46","page","type-page","status-publish","hentry"],"_links":{"self":[{"href":"https:\/\/elastiqre.com\/index.php\/wp-json\/wp\/v2\/pages\/46","targetHints":{"allow":["GET"]}}],"collection":[{"href":"https:\/\/elastiqre.com\/index.php\/wp-json\/wp\/v2\/pages"}],"about":[{"href":"https:\/\/elastiqre.com\/index.php\/wp-json\/wp\/v2\/types\/page"}],"author":[{"embeddable":true,"href":"https:\/\/elastiqre.com\/index.php\/wp-json\/wp\/v2\/users\/1"}],"replies":[{"embeddable":true,"href":"https:\/\/elastiqre.com\/index.php\/wp-json\/wp\/v2\/comments?post=46"}],"version-history":[{"count":10,"href":"https:\/\/elastiqre.com\/index.php\/wp-json\/wp\/v2\/pages\/46\/revisions"}],"predecessor-version":[{"id":187,"href":"https:\/\/elastiqre.com\/index.php\/wp-json\/wp\/v2\/pages\/46\/revisions\/187"}],"wp:attachment":[{"href":"https:\/\/elastiqre.com\/index.php\/wp-json\/wp\/v2\/media?parent=46"}],"curies":[{"name":"wp","href":"https:\/\/api.w.org\/{rel}","templated":true}]}}